{"id":342,"date":"2020-12-09T19:56:20","date_gmt":"2020-12-09T19:56:20","guid":{"rendered":"https:\/\/curioso.art\/?post_type=product&#038;p=342"},"modified":"2021-01-24T07:20:39","modified_gmt":"2021-01-24T07:20:39","slug":"budapest-unseen-ujlipotvaros-panorama","status":"publish","type":"product","link":"https:\/\/curioso.hu\/en\/shop\/budapest-unseen-ujlipotvaros-panorama\/","title":{"rendered":"Budapest Unseen \u2013 \u00dajlip\u00f3tv\u00e1ros Panor\u00e1ma"},"content":{"rendered":"","protected":false},"excerpt":{"rendered":"","protected":false},"featured_media":343,"template":"","meta":[],"_links":{"self":[{"href":"https:\/\/curioso.hu\/en\/wp-json\/wp\/v2\/product\/342"}],"collection":[{"href":"https:\/\/curioso.hu\/en\/wp-json\/wp\/v2\/product"}],"about":[{"href":"https:\/\/curioso.hu\/en\/wp-json\/wp\/v2\/types\/product"}],"wp:featuredmedia":[{"embeddable":true,"href":"https:\/\/curioso.hu\/en\/wp-json\/wp\/v2\/media\/343"}],"wp:attachment":[{"href":"https:\/\/curioso.hu\/en\/wp-json\/wp\/v2\/media?parent=342"}],"curies":[{"name":"wp","href":"https:\/\/api.w.org\/{rel}","templated":true}]}}