{"id":353,"date":"2020-12-15T08:12:39","date_gmt":"2020-12-15T08:12:39","guid":{"rendered":"https:\/\/curioso.art\/?post_type=product&#038;p=353"},"modified":"2021-02-25T08:08:12","modified_gmt":"2021-02-25T08:08:12","slug":"ajandekkartya","status":"publish","type":"product","link":"https:\/\/curioso.hu\/en\/shop\/ajandekkartya\/","title":{"rendered":"Gift Card"},"content":{"rendered":"<ol>\n<li><span style=\"color: #000000;\"><span style=\"font-family: Helvetica Neue, serif;\"><span style=\"font-size: small;\">V\u00e1laszd ki a kedvenc k\u00e9ped a <u><a href=\"https:\/\/www.curioso.art\/\">www.curioso.art<\/a><\/u> oldalr\u00f3l<\/span><\/span><\/span><\/li>\n<li><span style=\"color: #000000;\"><span style=\"font-family: Helvetica Neue, serif;\"><span style=\"font-size: small;\">Tedd a kosaradba a k\u00e9pet<\/span><\/span><\/span><\/li>\n<li><span style=\"color: #000000;\"><span style=\"font-family: Helvetica Neue, serif;\"><span style=\"font-size: small;\">Kattints a \u201cP\u00e9nzt\u00e1r\u201d gombra<\/span><\/span><\/span><\/li>\n<li><span style=\"color: #000000;\"><span style=\"font-family: Helvetica Neue, serif;\"><span style=\"font-size: small;\">A P\u00e9nzt\u00e1rn\u00e1l kattints a kupon k\u00f3d megad\u00e1s\u00e1ra<\/span><\/span><\/span><\/li>\n<li><span style=\"color: #000000;\"><span style=\"font-family: Helvetica Neue, serif;\"><span style=\"font-size: small;\">Add hozz\u00e1 a kuponk\u00f3dod<\/span><\/span><\/span><\/li>\n<li><span style=\"color: #000000;\"><span style=\"font-family: Helvetica Neue, serif;\"><span style=\"font-size: small;\">Az aj\u00e1nd\u00e9kutalv\u00e1nyod \u00e9rt\u00e9ke m\u00e1ris levon\u00e1sra ker\u00fclt a v\u00e9g\u00f6sszegb\u0151l<\/span><\/span><\/span><\/li>\n<\/ol>\n<p align=\"left\"><span style=\"color: #000000;\"><span style=\"font-family: Helvetica Neue, serif;\"><span style=\"font-size: small;\">Az aj\u00e1nd\u00e9kutalv\u00e1ny kiz\u00e1r\u00f3lag a <u><a href=\"https:\/\/www.curioso.art\/\">www.curioso.art<\/a><\/u> weboldalon tal\u00e1lhat\u00f3 term\u00e9kekre (kiv\u00e9ve aj\u00e1nd\u00e9kk\u00e1rtya) v\u00e1lthat\u00f3 be. <\/span><\/span><\/span><\/p>\n<p align=\"left\"><span style=\"color: #000000;\"><span style=\"font-family: Helvetica Neue, serif;\"><span style=\"font-size: small;\">En &#8211; Egyszeri rendel\u00e9s alkalm\u00e1val, a v\u00e1s\u00e1rl\u00e1st\u00f3l sz\u00e1m\u00edtott 1 \u00e9vig. Amennyiben a kiv\u00e1lasztott term<span lang=\"fr-FR\">\u00e9<\/span>k <span lang=\"fr-FR\">\u00e9<\/span>rt<span lang=\"fr-FR\">\u00e9<\/span>ke meghaladja az aj\u00e1nd<span lang=\"fr-FR\">\u00e9<\/span>kutalv\u00e1<span lang=\"es-ES-u-co-trad\">nyodon tal<\/span>\u00e1lhat\u00f3 \u00f6sszeget, \u00fagy a k\u00fcl<span lang=\"sv-SE\">\u00f6<\/span><span lang=\"pt-PT\">nbs<\/span><span lang=\"fr-FR\">\u00e9<\/span>get bankk\u00e1<span lang=\"en-US\">rty<\/span>\u00e1val tudod kiegyenl\u00ed<span lang=\"it-IT\">teni.<\/span> Az aj\u00e1nd\u00e9kutalv\u00e1ny \u00e9rt\u00e9ke alatti bev\u00e1lt\u00e1s eset\u00e9n, az utalv\u00e1nyon fennmarad\u00f3 \u00f6sszeg k\u00e9s\u0151bb nem lev\u00e1s\u00e1rolhat\u00f3. Az utalv\u00e1ny \u00e1truh\u00e1zhat\u00f3, de k\u00e9szp\u00e9nzre (r\u00e9szben vagy teljesen) nem v\u00e1lthat\u00f3 \u00e1t.<\/span><\/span><\/span><\/p>\n","protected":false},"excerpt":{"rendered":"<p align=\"left\"><span style=\"color: #000000;\"><span style=\"font-family: Helvetica Neue, serif;\"><span style=\"font-size: small;\">T\u00f6k\u00e9letes aj\u00e1nd\u00e9k a fotogr\u00e1fia szerelmeseinek. Pillanatok alatt!<\/span><\/span><\/span><\/p>\n<p align=\"left\"><span style=\"color: #000000;\"><span style=\"font-family: Helvetica Neue, serif;\"><span style=\"font-size: small;\">Lepje meg szeretteit a v\u00e1s\u00e1rl\u00e1s \u00e9lm\u00e9ny\u00e9vel, folyamatosan b\u0151v\u00fcl\u0151 webshopunkban.<\/span><\/span><\/span><\/p>\n","protected":false},"featured_media":370,"template":"","meta":[],"_links":{"self":[{"href":"https:\/\/curioso.hu\/en\/wp-json\/wp\/v2\/product\/353"}],"collection":[{"href":"https:\/\/curioso.hu\/en\/wp-json\/wp\/v2\/product"}],"about":[{"href":"https:\/\/curioso.hu\/en\/wp-json\/wp\/v2\/types\/product"}],"wp:featuredmedia":[{"embeddable":true,"href":"https:\/\/curioso.hu\/en\/wp-json\/wp\/v2\/media\/370"}],"wp:attachment":[{"href":"https:\/\/curioso.hu\/en\/wp-json\/wp\/v2\/media?parent=353"}],"curies":[{"name":"wp","href":"https:\/\/api.w.org\/{rel}","templated":true}]}}